{"id":13,"date":"2023-10-14T12:29:48","date_gmt":"2023-10-14T10:29:48","guid":{"rendered":"https:\/\/sophie-ameglio.fr\/?page_id=13"},"modified":"2024-03-06T11:14:05","modified_gmt":"2024-03-06T10:14:05","slug":"front","status":"publish","type":"page","link":"https:\/\/sophie-ameglio.fr\/","title":{"rendered":"Conseil en \u00e9criture professionnelle et priv\u00e9e, \u00e9crivain public, biographe"},"content":{"rendered":"<p>Dipl\u00f4m\u00e9e de la Licence Professionnelle Conseil en \u00c9criture Professionnelle et Priv\u00e9e \u2014 \u00c9crivain public de la Sorbonne promotion 2023, j\u2019utilise mes comp\u00e9tences pour vous aider \u00e0 r\u00e9diger tous types de documents, que ce soit pour des besoins personnels, administratifs ou professionnels.<\/p>\n<p>Auparavant attach\u00e9e de presse dans le secteur culturel, j\u2019ai d\u00e9cid\u00e9 de mettre mes connaissances et mon exp\u00e9rience au service de tous.<\/p>\n<p>J\u2019interviens aupr\u00e8s des particuliers pour les accompagner dans leurs d\u00e9marches \u00e9crites de la vie quotidienne ou pour l&#8217;\u00e9criture de leur r\u00e9cit de vie\/biographie. Je conseille les entreprises soucieuses de leurs publications et propose mes services aux collectivit\u00e9s qui souhaitent mettre en place des permanences d\u2019\u00e9crivain public pour offrir \u00e0 leurs administr\u00e9s un soutien \u00e0 l&#8217;\u00e9criture, favoriser l\u2019inclusion sociale, am\u00e9liorer l\u2019efficacit\u00e9 des services et renforcer le lien social.<\/p>\n<\/p>\n\n\n<p><em>\u00c9crivain public agr\u00e9\u00e9 par l&#8217;Acad\u00e9mie des \u00e9crivains publics de France, membre<\/em><em> du Syndicat national des prestataires et conseils en \u00e9criture.<\/em><\/p>\n\n\n\n<div class=\"wp-block-columns is-layout-flex wp-container-core-columns-is-layout-9d6595d7 wp-block-columns-is-layout-flex\">\n<div class=\"wp-block-column is-layout-flow wp-block-column-is-layout-flow\">\n<figure class=\"wp-block-image size-large\"><a href=\"https:\/\/ecrivains-publics.fr\/\" target=\"_blank\" rel=\"noreferrer noopener\"><img loading=\"lazy\" decoding=\"async\" width=\"1024\" height=\"540\" src=\"http:\/\/sophie-ameglio.fr\/wp-content\/uploads\/2023\/12\/logo-aepf-1-1024x540.jpg\" alt=\"\" class=\"wp-image-190\" srcset=\"https:\/\/sophie-ameglio.fr\/wp-content\/uploads\/2023\/12\/logo-aepf-1-1024x540.jpg 1024w, https:\/\/sophie-ameglio.fr\/wp-content\/uploads\/2023\/12\/logo-aepf-1-300x158.jpg 300w, https:\/\/sophie-ameglio.fr\/wp-content\/uploads\/2023\/12\/logo-aepf-1-768x405.jpg 768w, https:\/\/sophie-ameglio.fr\/wp-content\/uploads\/2023\/12\/logo-aepf-1-1536x811.jpg 1536w, https:\/\/sophie-ameglio.fr\/wp-content\/uploads\/2023\/12\/logo-aepf-1-1200x633.jpg 1200w, https:\/\/sophie-ameglio.fr\/wp-content\/uploads\/2023\/12\/logo-aepf-1.jpg 1730w\" sizes=\"auto, (max-width: 1024px) 100vw, 1024px\" \/><\/a><\/figure>\n<\/div>\n\n\n\n<div class=\"wp-block-column is-layout-flow wp-block-column-is-layout-flow\">\n<figure class=\"wp-block-image size-full\"><a href=\"https:\/\/www.snpce.fr\/\" target=\"_blank\" rel=\"noreferrer noopener\"><img loading=\"lazy\" decoding=\"async\" width=\"367\" height=\"89\" src=\"http:\/\/sophie-ameglio.fr\/wp-content\/uploads\/2024\/03\/image.png\" alt=\"\" class=\"wp-image-234\" srcset=\"https:\/\/sophie-ameglio.fr\/wp-content\/uploads\/2024\/03\/image.png 367w, https:\/\/sophie-ameglio.fr\/wp-content\/uploads\/2024\/03\/image-300x73.png 300w\" sizes=\"auto, (max-width: 367px) 100vw, 367px\" \/><\/a><\/figure>\n<\/div>\n<\/div>\n\n\n\n<p style=\"font-size:15px;font-style:italic;font-weight:300\"><\/p>\n\n\n\n<ul class=\"wp-block-social-links alignleft is-style-default is-content-justification-center is-layout-flex wp-container-core-social-links-is-layout-16018d1d wp-block-social-links-is-layout-flex\"><li class=\"wp-social-link wp-social-link-linkedin  wp-block-social-link\"><a href=\"https:\/\/www.linkedin.com\/in\/sophieameglio\/\" class=\"wp-block-social-link-anchor\"><svg width=\"24\" height=\"24\" viewBox=\"0 0 24 24\" version=\"1.1\" xmlns=\"http:\/\/www.w3.org\/2000\/svg\" aria-hidden=\"true\" focusable=\"false\"><path d=\"M19.7,3H4.3C3.582,3,3,3.582,3,4.3v15.4C3,20.418,3.582,21,4.3,21h15.4c0.718,0,1.3-0.582,1.3-1.3V4.3 C21,3.582,20.418,3,19.7,3z M8.339,18.338H5.667v-8.59h2.672V18.338z M7.004,8.574c-0.857,0-1.549-0.694-1.549-1.548 c0-0.855,0.691-1.548,1.549-1.548c0.854,0,1.547,0.694,1.547,1.548C8.551,7.881,7.858,8.574,7.004,8.574z M18.339,18.338h-2.669 v-4.177c0-0.996-0.017-2.278-1.387-2.278c-1.389,0-1.601,1.086-1.601,2.206v4.249h-2.667v-8.59h2.559v1.174h0.037 c0.356-0.675,1.227-1.387,2.526-1.387c2.703,0,3.203,1.779,3.203,4.092V18.338z\"><\/path><\/svg><span class=\"wp-block-social-link-label screen-reader-text\">LinkedIn<\/span><\/a><\/li><\/ul>\n\n\n\n<p style=\"font-size:15px;font-style:italic;font-weight:300\"><\/p>\n\n\n\n<div style=\"clear:both;\" \/>\n\n\n\n<div class=\"wp-block-columns alignwide is-layout-flex wp-container-core-columns-is-layout-829b1d53 wp-block-columns-is-layout-flex\" style=\"margin-bottom:0\">\n<div class=\"wp-block-column has-text-color has-background has-link-color wp-elements-10d8c761bdc1f31334928743725376ab is-layout-flow wp-block-column-is-layout-flow\" style=\"color:#000000;background-color:#ffe97d;padding-top:2em;padding-right:2em;padding-bottom:2em;padding-left:2em\">\n<h2 class=\"wp-block-heading\" id=\"single\" style=\"font-size:40px\"><strong>R\u00e9cit de vie et biographie<\/strong><\/h2>\n\n\n\n<p>Vous souhaitez raconter votre vie personnelle ou professionnelle \u00e0 moins que ce ne soit votre entourage qui vous le r\u00e9clame. Vous ne savez pas comment proc\u00e9der, vous n\u2019avez pas le temps, vous h\u00e9sitez \u00e0 vous lancer. Je le fais pour vous. Je vous \u00e9coute, vous questionne, vous aide \u00e0 vous rem\u00e9morer les \u00e9v\u00e8nements que vous avez travers\u00e9s.<\/p>\n\n\n\n<div class=\"wp-block-buttons alignfull is-horizontal is-content-justification-center is-layout-flex wp-container-core-buttons-is-layout-499968f5 wp-block-buttons-is-layout-flex\">\n<div class=\"wp-block-button\"><a class=\"wp-block-button__link wp-element-button\" href=\"https:\/\/sophie-ameglio.fr\/index.php\/prestations\/recit-de-vie-biographie\/\">En savoir plus<\/a><\/div>\n<\/div>\n<\/div>\n\n\n\n<div class=\"wp-block-column has-text-color has-background has-link-color wp-elements-28801093c9cb01e3985c380d10e413f9 is-layout-flow wp-block-column-is-layout-flow\" style=\"color:#000000;background-color:#d1d1e1;padding-top:2em;padding-right:2em;padding-bottom:2em;padding-left:2em\">\n<h2 class=\"wp-block-heading\" id=\"single\" style=\"font-size:40px\"><strong>Relecture et correction<\/strong><\/h2>\n\n\n\n<p>D\u00e9tecter et corriger les erreurs, les incoh\u00e9rences, les fautes de grammaire, d\u2019orthographe, de ponctuation et de style, les travaux de relecture visent \u00e0 am\u00e9liorer la qualit\u00e9 et la lisibilit\u00e9 d\u2019un document, qu\u2019il s\u2019agisse d\u2019un texte, d\u2019un rapport, d\u2019un article, d\u2019un manuscrit ou de tout autre contenu \u00e9crit.<\/p>\n\n\n\n<div class=\"wp-block-buttons alignfull is-horizontal is-content-justification-center is-layout-flex wp-container-core-buttons-is-layout-499968f5 wp-block-buttons-is-layout-flex\">\n<div class=\"wp-block-button\"><a class=\"wp-block-button__link wp-element-button\" href=\"https:\/\/sophie-ameglio.fr\/index.php\/prestations\/relecture-et-correction\/\">En savoir plus<\/a><\/div>\n<\/div>\n<\/div>\n<\/div>\n\n\n\n<p><\/p>\n\n\n\n<div class=\"wp-block-columns alignwide is-layout-flex wp-container-core-columns-is-layout-829b1d53 wp-block-columns-is-layout-flex\" style=\"margin-bottom:0\">\n<div class=\"wp-block-column is-vertically-aligned-top has-text-color has-background has-link-color wp-elements-cfe1128d82641d80e308849aa54b9c52 is-layout-flow wp-block-column-is-layout-flow\" style=\"color:#000000;background-color:#ffe97d;padding-top:2em;padding-right:2em;padding-bottom:2em;padding-left:2em\">\n<h2 class=\"wp-block-heading\" id=\"single\" style=\"font-size:40px\"><strong>L\u2019assistance administrative<\/strong><\/h2>\n\n\n\n<p class=\"has-normal-font-size\" style=\"line-height:1.5\">D\u00e9bord\u00e9.e\u2009? F\u00e2ch\u00e9.e avec le num\u00e9rique\u2009? Les d\u00e9marches et obligations administratives vous angoissent\u2009? Je prends le relai.<\/p>\n\n\n\n<div class=\"wp-block-buttons alignfull is-horizontal is-content-justification-center is-layout-flex wp-container-core-buttons-is-layout-499968f5 wp-block-buttons-is-layout-flex\">\n<div class=\"wp-block-button\"><a class=\"wp-block-button__link wp-element-button\" href=\"https:\/\/sophie-ameglio.fr\/index.php\/prestations\/lassistance-administrative\/\">En savoir plus<\/a><\/div>\n<\/div>\n<\/div>\n\n\n\n<div class=\"wp-block-column is-vertically-aligned-top has-text-color has-background has-link-color wp-elements-4343187b8bc011d5ee2934d15b0d8126 is-layout-flow wp-block-column-is-layout-flow\" style=\"color:#000000;background-color:#d1d1e1;padding-top:2em;padding-right:2em;padding-bottom:2em;padding-left:2em\">\n<h2 class=\"wp-block-heading\" id=\"family\" style=\"font-size:40px\"><strong>Retranscription de r\u00e9union et retranscription audio<\/strong><\/h2>\n\n\n\n<p class=\"has-normal-font-size\" style=\"line-height:1.5\">J\u2019assiste \u00e0 vos r\u00e9unions afin de r\u00e9diger un compte rendu pr\u00e9cis et complet.<\/p>\n\n\n\n<div class=\"wp-block-buttons alignfull is-horizontal is-content-justification-center is-layout-flex wp-container-core-buttons-is-layout-499968f5 wp-block-buttons-is-layout-flex\">\n<div class=\"wp-block-button\"><a class=\"wp-block-button__link wp-element-button\" href=\"https:\/\/sophie-ameglio.fr\/index.php\/prestations\/retranscription-de-reunions-retranscription-audio\/\">En savoir plus<\/a><\/div>\n<\/div>\n<\/div>\n\n\n\n<div class=\"wp-block-column is-vertically-aligned-top has-text-color has-background has-link-color wp-elements-f02891051d164252203259fd256d2946 is-layout-flow wp-block-column-is-layout-flow\" style=\"color:#000000;background-color:#c0ebf1;padding-top:2em;padding-right:2em;padding-bottom:2em;padding-left:2em\">\n<h2 class=\"wp-block-heading\" id=\"patron\" style=\"font-size:40px\"><strong>Les permanences<\/strong><\/h2>\n\n\n\n<p class=\"has-normal-font-size\">Pour aider vos administr\u00e9s dans toutes leurs d\u00e9marches \u00e9crites, je propose la tenue de permanences.<\/p>\n\n\n\n<div class=\"wp-block-buttons alignfull is-horizontal is-content-justification-center is-layout-flex wp-container-core-buttons-is-layout-499968f5 wp-block-buttons-is-layout-flex\">\n<div class=\"wp-block-button\"><a class=\"wp-block-button__link wp-element-button\" href=\"https:\/\/sophie-ameglio.fr\/index.php\/prestations\/les-permanences\/\">En savoir plus<\/a><\/div>\n<\/div>\n<\/div>\n<\/div>\n","protected":false},"excerpt":{"rendered":"<p>Dipl\u00f4m\u00e9e de la Licence Professionnelle Conseil en \u00c9criture Professionnelle et Priv\u00e9e \u2014 \u00c9crivain public de la Sorbonne promotion 2023, j\u2019utilise mes comp\u00e9tences pour vous aider \u00e0 r\u00e9diger tous types de documents, que ce soit pour des besoins personnels, administratifs ou professionnels. Auparavant attach\u00e9e de presse dans le secteur culturel, j\u2019ai d\u00e9cid\u00e9 de mettre mes connaissances &hellip; <\/p>\n<p class=\"link-more\"><a href=\"https:\/\/sophie-ameglio.fr\/\" class=\"more-link\">Continue reading<span class=\"screen-reader-text\"> &#8220;Conseil en \u00e9criture professionnelle et priv\u00e9e, \u00e9crivain public, biographe&#8221;<\/span><\/a><\/p>\n","protected":false},"author":1,"featured_media":56,"parent":0,"menu_order":0,"comment_status":"closed","ping_status":"closed","template":"","meta":{"footnotes":""},"class_list":["post-13","page","type-page","status-publish","has-post-thumbnail","hentry","has-thumbnail"],"_links":{"self":[{"href":"https:\/\/sophie-ameglio.fr\/index.php\/wp-json\/wp\/v2\/pages\/13","targetHints":{"allow":["GET"]}}],"collection":[{"href":"https:\/\/sophie-ameglio.fr\/index.php\/wp-json\/wp\/v2\/pages"}],"about":[{"href":"https:\/\/sophie-ameglio.fr\/index.php\/wp-json\/wp\/v2\/types\/page"}],"author":[{"embeddable":true,"href":"https:\/\/sophie-ameglio.fr\/index.php\/wp-json\/wp\/v2\/users\/1"}],"replies":[{"embeddable":true,"href":"https:\/\/sophie-ameglio.fr\/index.php\/wp-json\/wp\/v2\/comments?post=13"}],"version-history":[{"count":34,"href":"https:\/\/sophie-ameglio.fr\/index.php\/wp-json\/wp\/v2\/pages\/13\/revisions"}],"predecessor-version":[{"id":252,"href":"https:\/\/sophie-ameglio.fr\/index.php\/wp-json\/wp\/v2\/pages\/13\/revisions\/252"}],"wp:featuredmedia":[{"embeddable":true,"href":"https:\/\/sophie-ameglio.fr\/index.php\/wp-json\/wp\/v2\/media\/56"}],"wp:attachment":[{"href":"https:\/\/sophie-ameglio.fr\/index.php\/wp-json\/wp\/v2\/media?parent=13"}],"curies":[{"name":"wp","href":"https:\/\/api.w.org\/{rel}","templated":true}]}}